{"id":146,"date":"2019-10-17T07:55:14","date_gmt":"2019-10-17T05:55:14","guid":{"rendered":"http:\/\/diet.nc\/?page_id=146"},"modified":"2020-03-02T11:37:24","modified_gmt":"2020-03-02T10:37:24","slug":"calcul-de-limc","status":"publish","type":"page","link":"http:\/\/diet.nc\/?page_id=146","title":{"rendered":"CALCUL DE L&rsquo;IMC"},"content":{"rendered":"\n<figure class=\"wp-block-gallery columns-1 is-cropped alignleft wp-block-gallery-1 is-layout-flex wp-block-gallery-is-layout-flex\"><ul class=\"blocks-gallery-grid\"><li class=\"blocks-gallery-item\"><figure><img loading=\"lazy\" decoding=\"async\" width=\"540\" height=\"427\" src=\"http:\/\/diet.nc\/wp-content\/uploads\/2019\/10\/IMC-1.jpg\" alt=\"\" data-id=\"305\" data-link=\"http:\/\/diet.nc\/?attachment_id=305\" class=\"wp-image-305\" srcset=\"http:\/\/diet.nc\/wp-content\/uploads\/2019\/10\/IMC-1.jpg 540w, http:\/\/diet.nc\/wp-content\/uploads\/2019\/10\/IMC-1-300x237.jpg 300w\" sizes=\"auto, (max-width: 540px) 100vw, 540px\" \/><\/figure><\/li><\/ul><\/figure>\n\n\n\n<figure class=\"wp-block-image size-large is-resized\"><img loading=\"lazy\" decoding=\"async\" src=\"http:\/\/diet.nc\/wp-content\/uploads\/2020\/03\/DIETNC-9437-1024x682.jpg\" alt=\"\" class=\"wp-image-482\" width=\"301\" height=\"200\" srcset=\"http:\/\/diet.nc\/wp-content\/uploads\/2020\/03\/DIETNC-9437-1024x682.jpg 1024w, http:\/\/diet.nc\/wp-content\/uploads\/2020\/03\/DIETNC-9437-300x200.jpg 300w, http:\/\/diet.nc\/wp-content\/uploads\/2020\/03\/DIETNC-9437-768x512.jpg 768w, http:\/\/diet.nc\/wp-content\/uploads\/2020\/03\/DIETNC-9437-1536x1024.jpg 1536w, http:\/\/diet.nc\/wp-content\/uploads\/2020\/03\/DIETNC-9437.jpg 2000w\" sizes=\"auto, (max-width: 301px) 100vw, 301px\" \/><\/figure>\n\n\n\n<p><a href=\"https:\/\/www.imc.fr\">Site calcul IMC<\/a> adulte <\/p>\n\n\n\n<p><a href=\"http:\/\/www.jupso.fr\/file\/medtool\/webmedtool\/hodetool01\/botm0015\/pdf00001.pdf\">Courbe de corpulence IMC enfants 0 \u00e0 18 ans<\/a><\/p>\n\n\n\n<p>IMC du pacifique<\/p>\n\n\n\n<figure class=\"wp-block-image size-large\"><img loading=\"lazy\" decoding=\"async\" width=\"1024\" height=\"741\" src=\"http:\/\/diet.nc\/wp-content\/uploads\/2020\/03\/IMC-pacifique-1024x741.png\" alt=\"\" class=\"wp-image-487\" srcset=\"http:\/\/diet.nc\/wp-content\/uploads\/2020\/03\/IMC-pacifique-1024x741.png 1024w, http:\/\/diet.nc\/wp-content\/uploads\/2020\/03\/IMC-pacifique-300x217.png 300w, http:\/\/diet.nc\/wp-content\/uploads\/2020\/03\/IMC-pacifique-768x555.png 768w, http:\/\/diet.nc\/wp-content\/uploads\/2020\/03\/IMC-pacifique.png 1304w\" sizes=\"auto, (max-width: 1024px) 100vw, 1024px\" \/><\/figure>\n\n\n\n<p>Mesure du P\u00e9rim\u00e8tre Ombilical<\/p>\n","protected":false},"excerpt":{"rendered":"<p>Site calcul IMC adulte Courbe de corpulence IMC enfants 0 \u00e0 18 ans IMC du pacifique Mesure du P\u00e9rim\u00e8tre Ombilical<\/p>\n","protected":false},"author":3,"featured_media":0,"parent":0,"menu_order":6,"comment_status":"closed","ping_status":"closed","template":"onecolumn-page.php","meta":{"footnotes":""},"class_list":["post-146","page","type-page","status-publish","hentry"],"_links":{"self":[{"href":"http:\/\/diet.nc\/index.php?rest_route=\/wp\/v2\/pages\/146","targetHints":{"allow":["GET"]}}],"collection":[{"href":"http:\/\/diet.nc\/index.php?rest_route=\/wp\/v2\/pages"}],"about":[{"href":"http:\/\/diet.nc\/index.php?rest_route=\/wp\/v2\/types\/page"}],"author":[{"embeddable":true,"href":"http:\/\/diet.nc\/index.php?rest_route=\/wp\/v2\/users\/3"}],"replies":[{"embeddable":true,"href":"http:\/\/diet.nc\/index.php?rest_route=%2Fwp%2Fv2%2Fcomments&post=146"}],"version-history":[{"count":0,"href":"http:\/\/diet.nc\/index.php?rest_route=\/wp\/v2\/pages\/146\/revisions"}],"wp:attachment":[{"href":"http:\/\/diet.nc\/index.php?rest_route=%2Fwp%2Fv2%2Fmedia&parent=146"}],"curies":[{"name":"wp","href":"https:\/\/api.w.org\/{rel}","templated":true}]}}