{"id":24,"date":"2019-10-16T23:10:48","date_gmt":"2019-10-16T21:10:48","guid":{"rendered":"http:\/\/diet.nc\/?page_id=24"},"modified":"2023-08-31T04:58:36","modified_gmt":"2023-08-31T02:58:36","slug":"page-daccueil","status":"publish","type":"page","link":"http:\/\/diet.nc\/","title":{"rendered":"DIETETIQUE &#038; NUTRITION"},"content":{"rendered":"\n<p>Bienvenue sur <strong>diet.nc<\/strong>, le site cr\u00e9\u00e9 par deux Di\u00e9t\u00e9ticiennes Nutritionnistes Charl\u00e8ne GUIGNET et Alexandra SOUPRAYEN, exer\u00e7ant en Nouvelle Cal\u00e9donie.<\/p>\n\n\n\n<p>N&rsquo;h\u00e9sitez pas \u00e0 consulter \u00e9galement notre page Facebook <strong>\u00ab\u00a0DIET NC<\/strong>\u00a0\u00bb vous y trouverez les prochaines dates des <strong>ateliers cuisine simple, rapide et \u00e9quilibr\u00e9e <\/strong><a href=\"https:\/\/www.facebook.com\/dietetiquenutritionnoum\"> https:\/\/www.facebook.com\/dietetiquenutritionnoum<\/a> <\/p>\n\n\n\n<div class=\"wp-block-group\"><div class=\"wp-block-group__inner-container is-layout-flow wp-block-group-is-layout-flow\"><\/div><\/div>\n\n\n\n<p><\/p>\n","protected":false},"excerpt":{"rendered":"<p>Bienvenue sur diet.nc, le site cr\u00e9\u00e9 par deux Di\u00e9t\u00e9ticiennes Nutritionnistes Charl\u00e8ne GUIGNET et Alexandra SOUPRAYEN, exer\u00e7ant en Nouvelle Cal\u00e9donie. N&rsquo;h\u00e9sitez pas \u00e0 consulter \u00e9galement notre page Facebook \u00ab\u00a0DIET NC\u00a0\u00bb vous y trouverez les prochaines dates des ateliers cuisine simple, rapide &hellip; <a href=\"http:\/\/diet.nc\/\">Continuer la lecture <span class=\"meta-nav\">&rarr;<\/span><\/a><\/p>\n","protected":false},"author":3,"featured_media":0,"parent":0,"menu_order":0,"comment_status":"closed","ping_status":"closed","template":"onecolumn-page.php","meta":{"footnotes":""},"class_list":["post-24","page","type-page","status-publish","hentry"],"_links":{"self":[{"href":"http:\/\/diet.nc\/index.php?rest_route=\/wp\/v2\/pages\/24","targetHints":{"allow":["GET"]}}],"collection":[{"href":"http:\/\/diet.nc\/index.php?rest_route=\/wp\/v2\/pages"}],"about":[{"href":"http:\/\/diet.nc\/index.php?rest_route=\/wp\/v2\/types\/page"}],"author":[{"embeddable":true,"href":"http:\/\/diet.nc\/index.php?rest_route=\/wp\/v2\/users\/3"}],"replies":[{"embeddable":true,"href":"http:\/\/diet.nc\/index.php?rest_route=%2Fwp%2Fv2%2Fcomments&post=24"}],"version-history":[{"count":0,"href":"http:\/\/diet.nc\/index.php?rest_route=\/wp\/v2\/pages\/24\/revisions"}],"wp:attachment":[{"href":"http:\/\/diet.nc\/index.php?rest_route=%2Fwp%2Fv2%2Fmedia&parent=24"}],"curies":[{"name":"wp","href":"https:\/\/api.w.org\/{rel}","templated":true}]}}