{"id":275,"date":"2019-10-21T23:51:40","date_gmt":"2019-10-21T21:51:40","guid":{"rendered":"http:\/\/diet.nc\/?page_id=275"},"modified":"2023-08-31T05:16:04","modified_gmt":"2023-08-31T03:16:04","slug":"nos-tarifs","status":"publish","type":"page","link":"http:\/\/diet.nc\/?page_id=275","title":{"rendered":"TARIFS"},"content":{"rendered":"\n<p><strong>Consultation di\u00e9t\u00e9tique initiale:<\/strong> 7.500 CFP<\/p>\n\n\n\n<p><strong>Consultation di\u00e9t\u00e9tique de suivi: <\/strong>4.500 CFP<\/p>\n\n\n\n<p><strong>Consultation di\u00e9t\u00e9tique \u00e0 domicile<\/strong> (Noum\u00e9a + 500 CFP, Grand Noum\u00e9a: Pa\u00efta, Dumb\u00e9a, Mont Dore + 1.000 CFP)<\/p>\n\n\n\n<p><strong>Atelier di\u00e9t\u00e9tique 1H en groupe:<\/strong> 4.000 CFP \/personne<\/p>\n\n\n\n<p><strong>Atelier cuisine de 2H en groupe<\/strong> tout inclus (courses en amont, pratique culinaire &amp; repas d\u00e9gustation): 8.900 CFP\/personne<\/p>\n\n\n\n<p><strong>Formation nutrition pour adultes:<\/strong> DEVIS sur mesure <\/p>\n\n\n\n<p><strong>Interventions aupr\u00e8s d&rsquo;une collectivit\u00e9, d&rsquo;un comit\u00e9 sportif ou pour un comit\u00e9 d&rsquo;Entreprise<\/strong> : DEVIS sur mesure<\/p>\n","protected":false},"excerpt":{"rendered":"<p>Consultation di\u00e9t\u00e9tique initiale: 7.500 CFP Consultation di\u00e9t\u00e9tique de suivi: 4.500 CFP Consultation di\u00e9t\u00e9tique \u00e0 domicile (Noum\u00e9a + 500 CFP, Grand Noum\u00e9a: Pa\u00efta, Dumb\u00e9a, Mont Dore + 1.000 CFP) Atelier di\u00e9t\u00e9tique 1H en groupe: 4.000 CFP \/personne Atelier cuisine de 2H &hellip; <a href=\"http:\/\/diet.nc\/?page_id=275\">Continuer la lecture <span class=\"meta-nav\">&rarr;<\/span><\/a><\/p>\n","protected":false},"author":2,"featured_media":0,"parent":0,"menu_order":7,"comment_status":"closed","ping_status":"closed","template":"onecolumn-page.php","meta":{"footnotes":""},"class_list":["post-275","page","type-page","status-publish","hentry"],"_links":{"self":[{"href":"http:\/\/diet.nc\/index.php?rest_route=\/wp\/v2\/pages\/275","targetHints":{"allow":["GET"]}}],"collection":[{"href":"http:\/\/diet.nc\/index.php?rest_route=\/wp\/v2\/pages"}],"about":[{"href":"http:\/\/diet.nc\/index.php?rest_route=\/wp\/v2\/types\/page"}],"author":[{"embeddable":true,"href":"http:\/\/diet.nc\/index.php?rest_route=\/wp\/v2\/users\/2"}],"replies":[{"embeddable":true,"href":"http:\/\/diet.nc\/index.php?rest_route=%2Fwp%2Fv2%2Fcomments&post=275"}],"version-history":[{"count":0,"href":"http:\/\/diet.nc\/index.php?rest_route=\/wp\/v2\/pages\/275\/revisions"}],"wp:attachment":[{"href":"http:\/\/diet.nc\/index.php?rest_route=%2Fwp%2Fv2%2Fmedia&parent=275"}],"curies":[{"name":"wp","href":"https:\/\/api.w.org\/{rel}","templated":true}]}}