{"id":30,"date":"2019-10-16T23:14:19","date_gmt":"2019-10-16T21:14:19","guid":{"rendered":"http:\/\/diet.nc\/?page_id=30"},"modified":"2020-02-29T05:04:37","modified_gmt":"2020-02-29T04:04:37","slug":"notre-activite","status":"publish","type":"page","link":"http:\/\/diet.nc\/?page_id=30","title":{"rendered":"QUI SOMMES NOUS ?"},"content":{"rendered":"\n<p>Une \u00e9quipe de di\u00e9t\u00e9ticiennes nutritionnistes avec plus de 10 ans d&rsquo;exp\u00e9rience sur le territoire de la Nouvelle Cal\u00e9donie<\/p>\n\n\n\n<p><\/p>\n\n\n\n<div class=\"wp-block-image\"><figure class=\"aligncenter size-large is-resized\"><img loading=\"lazy\" decoding=\"async\" src=\"http:\/\/diet.nc\/wp-content\/uploads\/2020\/02\/DIETNC-9691-1-1024x682.jpg\" alt=\"\" class=\"wp-image-432\" width=\"423\" height=\"282\" srcset=\"http:\/\/diet.nc\/wp-content\/uploads\/2020\/02\/DIETNC-9691-1-1024x682.jpg 1024w, http:\/\/diet.nc\/wp-content\/uploads\/2020\/02\/DIETNC-9691-1-300x200.jpg 300w, http:\/\/diet.nc\/wp-content\/uploads\/2020\/02\/DIETNC-9691-1-768x512.jpg 768w, http:\/\/diet.nc\/wp-content\/uploads\/2020\/02\/DIETNC-9691-1-1536x1024.jpg 1536w, http:\/\/diet.nc\/wp-content\/uploads\/2020\/02\/DIETNC-9691-1.jpg 2000w\" sizes=\"auto, (max-width: 423px) 100vw, 423px\" \/><\/figure><\/div>\n\n\n\n<p><\/p>\n","protected":false},"excerpt":{"rendered":"<p>Une \u00e9quipe de di\u00e9t\u00e9ticiennes nutritionnistes avec plus de 10 ans d&rsquo;exp\u00e9rience sur le territoire de la Nouvelle Cal\u00e9donie<\/p>\n","protected":false},"author":3,"featured_media":0,"parent":0,"menu_order":2,"comment_status":"closed","ping_status":"closed","template":"onecolumn-page.php","meta":{"footnotes":""},"class_list":["post-30","page","type-page","status-publish","hentry"],"_links":{"self":[{"href":"http:\/\/diet.nc\/index.php?rest_route=\/wp\/v2\/pages\/30","targetHints":{"allow":["GET"]}}],"collection":[{"href":"http:\/\/diet.nc\/index.php?rest_route=\/wp\/v2\/pages"}],"about":[{"href":"http:\/\/diet.nc\/index.php?rest_route=\/wp\/v2\/types\/page"}],"author":[{"embeddable":true,"href":"http:\/\/diet.nc\/index.php?rest_route=\/wp\/v2\/users\/3"}],"replies":[{"embeddable":true,"href":"http:\/\/diet.nc\/index.php?rest_route=%2Fwp%2Fv2%2Fcomments&post=30"}],"version-history":[{"count":0,"href":"http:\/\/diet.nc\/index.php?rest_route=\/wp\/v2\/pages\/30\/revisions"}],"wp:attachment":[{"href":"http:\/\/diet.nc\/index.php?rest_route=%2Fwp%2Fv2%2Fmedia&parent=30"}],"curies":[{"name":"wp","href":"https:\/\/api.w.org\/{rel}","templated":true}]}}