{"id":463,"date":"2020-02-29T05:06:39","date_gmt":"2020-02-29T04:06:39","guid":{"rendered":"http:\/\/diet.nc\/?page_id=463"},"modified":"2020-03-02T10:40:50","modified_gmt":"2020-03-02T09:40:50","slug":"la-consultation-dietetique","status":"publish","type":"page","link":"http:\/\/diet.nc\/?page_id=463","title":{"rendered":"La consultation di\u00e9t\u00e9tique"},"content":{"rendered":"\n<p>A vis\u00e9e th\u00e9rapeutique, les conseils di\u00e9t\u00e9tiques personnalis\u00e9s am\u00e9lioreront votre \u00e9tat de sant\u00e9. <strong>L&rsquo;alimentation est un v\u00e9ritable soin<\/strong> pour traiter le surpoids, l&rsquo;ob\u00e9sit\u00e9, le diab\u00e8te ou encore l&rsquo;hypertension et l&rsquo;insuffisance r\u00e9nale.<\/p>\n\n\n\n<p><strong>En famille, en duo ou en solo<\/strong><\/p>\n\n\n\n<div class=\"wp-block-image\"><figure class=\"aligncenter size-large is-resized\"><img loading=\"lazy\" decoding=\"async\" src=\"http:\/\/diet.nc\/wp-content\/uploads\/2020\/02\/DIETNC-9661-1024x682.jpg\" alt=\"\" class=\"wp-image-430\" width=\"225\" height=\"150\" srcset=\"http:\/\/diet.nc\/wp-content\/uploads\/2020\/02\/DIETNC-9661-1024x682.jpg 1024w, http:\/\/diet.nc\/wp-content\/uploads\/2020\/02\/DIETNC-9661-300x200.jpg 300w, http:\/\/diet.nc\/wp-content\/uploads\/2020\/02\/DIETNC-9661-768x512.jpg 768w, http:\/\/diet.nc\/wp-content\/uploads\/2020\/02\/DIETNC-9661-1536x1024.jpg 1536w, http:\/\/diet.nc\/wp-content\/uploads\/2020\/02\/DIETNC-9661.jpg 2000w\" sizes=\"auto, (max-width: 225px) 100vw, 225px\" \/><\/figure><\/div>\n\n\n\n<p class=\"has-text-align-left\"><strong>Du plus jeune \u00e2ge jusqu&rsquo;au sujet \u00e2g\u00e9<\/strong>, la consultation di\u00e9t\u00e9tique peut-\u00eatre indiqu\u00e9e. Nous sommes tous <strong>\u00e0 la recherche d&rsquo;un \u00e9quilibre <\/strong>\u00e0 un moment de notre vie: pr\u00e9paration d&rsquo;une \u00e9preuve sportive, grossesse, croissance de l&rsquo;enfant, malnutrition&#8230;<\/p>\n\n\n\n<div class=\"wp-block-image\"><figure class=\"aligncenter size-large is-resized\"><img loading=\"lazy\" decoding=\"async\" src=\"http:\/\/diet.nc\/wp-content\/uploads\/2020\/02\/DIETNC-9516-682x1024.jpg\" alt=\"\" class=\"wp-image-424\" width=\"213\" height=\"319\" srcset=\"http:\/\/diet.nc\/wp-content\/uploads\/2020\/02\/DIETNC-9516-682x1024.jpg 682w, http:\/\/diet.nc\/wp-content\/uploads\/2020\/02\/DIETNC-9516-200x300.jpg 200w, http:\/\/diet.nc\/wp-content\/uploads\/2020\/02\/DIETNC-9516-768x1152.jpg 768w, http:\/\/diet.nc\/wp-content\/uploads\/2020\/02\/DIETNC-9516-1024x1536.jpg 1024w, http:\/\/diet.nc\/wp-content\/uploads\/2020\/02\/DIETNC-9516.jpg 1333w\" sizes=\"auto, (max-width: 213px) 100vw, 213px\" \/><\/figure><\/div>\n\n\n\n<div class=\"wp-block-image\"><figure class=\"aligncenter size-large is-resized\"><img loading=\"lazy\" decoding=\"async\" src=\"http:\/\/diet.nc\/wp-content\/uploads\/2020\/02\/DIETNC-9595-1024x682.jpg\" alt=\"\" class=\"wp-image-427\" width=\"215\" height=\"143\" srcset=\"http:\/\/diet.nc\/wp-content\/uploads\/2020\/02\/DIETNC-9595-1024x682.jpg 1024w, http:\/\/diet.nc\/wp-content\/uploads\/2020\/02\/DIETNC-9595-300x200.jpg 300w, http:\/\/diet.nc\/wp-content\/uploads\/2020\/02\/DIETNC-9595-768x512.jpg 768w, http:\/\/diet.nc\/wp-content\/uploads\/2020\/02\/DIETNC-9595-1536x1024.jpg 1536w, http:\/\/diet.nc\/wp-content\/uploads\/2020\/02\/DIETNC-9595.jpg 2000w\" sizes=\"auto, (max-width: 215px) 100vw, 215px\" \/><\/figure><\/div>\n\n\n\n<div class=\"wp-block-image\"><figure class=\"aligncenter size-large is-resized\"><img loading=\"lazy\" decoding=\"async\" src=\"http:\/\/diet.nc\/wp-content\/uploads\/2020\/02\/DIETNC-9611-1024x682.jpg\" alt=\"\" class=\"wp-image-428\" width=\"218\" height=\"145\" srcset=\"http:\/\/diet.nc\/wp-content\/uploads\/2020\/02\/DIETNC-9611-1024x682.jpg 1024w, http:\/\/diet.nc\/wp-content\/uploads\/2020\/02\/DIETNC-9611-300x200.jpg 300w, http:\/\/diet.nc\/wp-content\/uploads\/2020\/02\/DIETNC-9611-768x512.jpg 768w, http:\/\/diet.nc\/wp-content\/uploads\/2020\/02\/DIETNC-9611-1536x1024.jpg 1536w, http:\/\/diet.nc\/wp-content\/uploads\/2020\/02\/DIETNC-9611.jpg 2000w\" sizes=\"auto, (max-width: 218px) 100vw, 218px\" \/><\/figure><\/div>\n\n\n\n<p><strong>La premi\u00e8re consultation dure 1h<\/strong>: prise des mesures anthropom\u00e9triques, enqu\u00eate sur l&rsquo;\u00e9tat de sant\u00e9, le mode de vie, enqu\u00eate alimentaire et d\u00e9termination des objectifs personnalis\u00e9s<\/p>\n\n\n\n<div class=\"wp-block-image\"><figure class=\"aligncenter size-large is-resized\"><img loading=\"lazy\" decoding=\"async\" src=\"http:\/\/diet.nc\/wp-content\/uploads\/2020\/02\/DIETNC-9533-682x1024.jpg\" alt=\"\" class=\"wp-image-425\" width=\"186\" height=\"279\" srcset=\"http:\/\/diet.nc\/wp-content\/uploads\/2020\/02\/DIETNC-9533-682x1024.jpg 682w, http:\/\/diet.nc\/wp-content\/uploads\/2020\/02\/DIETNC-9533-200x300.jpg 200w, http:\/\/diet.nc\/wp-content\/uploads\/2020\/02\/DIETNC-9533-768x1152.jpg 768w, http:\/\/diet.nc\/wp-content\/uploads\/2020\/02\/DIETNC-9533-1024x1536.jpg 1024w, http:\/\/diet.nc\/wp-content\/uploads\/2020\/02\/DIETNC-9533.jpg 1333w\" sizes=\"auto, (max-width: 186px) 100vw, 186px\" \/><\/figure><\/div>\n\n\n\n<p><strong>Les suivis di\u00e9t\u00e9tiques durent 30 minutes<\/strong>: \u00e9ducation nutritionnelle selon les objectifs fix\u00e9s, choix des aliments, distribution de recettes adapt\u00e9es, r\u00e9alisation de menus personnalis\u00e9s \u00e0 partir des go\u00fbts de chacun<\/p>\n\n\n\n<div class=\"wp-block-image\"><figure class=\"aligncenter size-large is-resized\"><img loading=\"lazy\" decoding=\"async\" src=\"http:\/\/diet.nc\/wp-content\/uploads\/2020\/02\/DIETNC-9553-1024x682.jpg\" alt=\"\" class=\"wp-image-426\" width=\"259\" height=\"172\" srcset=\"http:\/\/diet.nc\/wp-content\/uploads\/2020\/02\/DIETNC-9553-1024x682.jpg 1024w, http:\/\/diet.nc\/wp-content\/uploads\/2020\/02\/DIETNC-9553-300x200.jpg 300w, http:\/\/diet.nc\/wp-content\/uploads\/2020\/02\/DIETNC-9553-768x512.jpg 768w, http:\/\/diet.nc\/wp-content\/uploads\/2020\/02\/DIETNC-9553-1536x1024.jpg 1536w, http:\/\/diet.nc\/wp-content\/uploads\/2020\/02\/DIETNC-9553.jpg 2000w\" sizes=\"auto, (max-width: 259px) 100vw, 259px\" \/><\/figure><\/div>\n\n\n","protected":false},"excerpt":{"rendered":"<p>A vis\u00e9e th\u00e9rapeutique, les conseils di\u00e9t\u00e9tiques personnalis\u00e9s am\u00e9lioreront votre \u00e9tat de sant\u00e9. L&rsquo;alimentation est un v\u00e9ritable soin pour traiter le surpoids, l&rsquo;ob\u00e9sit\u00e9, le diab\u00e8te ou encore l&rsquo;hypertension et l&rsquo;insuffisance r\u00e9nale. En famille, en duo ou en solo Du plus jeune &hellip; <a href=\"http:\/\/diet.nc\/?page_id=463\">Continuer la lecture <span class=\"meta-nav\">&rarr;<\/span><\/a><\/p>\n","protected":false},"author":2,"featured_media":0,"parent":30,"menu_order":2,"comment_status":"closed","ping_status":"closed","template":"","meta":{"footnotes":""},"class_list":["post-463","page","type-page","status-publish","hentry"],"_links":{"self":[{"href":"http:\/\/diet.nc\/index.php?rest_route=\/wp\/v2\/pages\/463","targetHints":{"allow":["GET"]}}],"collection":[{"href":"http:\/\/diet.nc\/index.php?rest_route=\/wp\/v2\/pages"}],"about":[{"href":"http:\/\/diet.nc\/index.php?rest_route=\/wp\/v2\/types\/page"}],"author":[{"embeddable":true,"href":"http:\/\/diet.nc\/index.php?rest_route=\/wp\/v2\/users\/2"}],"replies":[{"embeddable":true,"href":"http:\/\/diet.nc\/index.php?rest_route=%2Fwp%2Fv2%2Fcomments&post=463"}],"version-history":[{"count":0,"href":"http:\/\/diet.nc\/index.php?rest_route=\/wp\/v2\/pages\/463\/revisions"}],"up":[{"embeddable":true,"href":"http:\/\/diet.nc\/index.php?rest_route=\/wp\/v2\/pages\/30"}],"wp:attachment":[{"href":"http:\/\/diet.nc\/index.php?rest_route=%2Fwp%2Fv2%2Fmedia&parent=463"}],"curies":[{"name":"wp","href":"https:\/\/api.w.org\/{rel}","templated":true}]}}