{"id":78,"date":"2019-10-17T06:19:22","date_gmt":"2019-10-17T04:19:22","guid":{"rendered":"http:\/\/diet.nc\/?page_id=78"},"modified":"2023-08-31T05:11:34","modified_gmt":"2023-08-31T03:11:34","slug":"activites-de-lequipe","status":"publish","type":"page","link":"http:\/\/diet.nc\/?page_id=78","title":{"rendered":"Nos prestations"},"content":{"rendered":"\n<p class=\"has-text-align-left\"><strong>Consultations di\u00e9t\u00e9tiques \u00e0 domicile ou en cabinet ou \u00e0 distance sur RDV<\/strong> (Charl\u00e8ne GUIGNET via les plateformes <a href=\"https:\/\/www.alivio.fr\/\" data-type=\"link\" data-id=\"https:\/\/www.alivio.fr\/\">https:\/\/www.alivio.fr\/<\/a> ou <a href=\"https:\/\/rendezvous.nc\/\" data-type=\"link\" data-id=\"https:\/\/rendezvous.nc\/\">https:\/\/rendezvous.nc\/<\/a>)<\/p>\n\n\n\n<p><strong>Consultations di\u00e9t\u00e9tiques pour les sportifs<\/strong> <\/p>\n\n\n\n<p><strong>Activit\u00e9 hospitali\u00e8re Clinique KUINDO MAGNIN<\/strong>, soins de suite et r\u00e9\u00e9ducation, gastroplastie (chirurgie de l\u2019ob\u00e9sit\u00e9), canc\u00e9rologie (ligue contre le cancer)<\/p>\n\n\n\n<p><strong>Nutrition artificielle<\/strong> (ent\u00e9rale et parent\u00e9rale) dans le cadre du retour \u00e0 domicile (Pacific Care)<\/p>\n\n\n\n<p><strong>Consultations di\u00e9t\u00e9tiques en centres de<\/strong> <strong>dialyse<\/strong> en NC et Wallis (<a href=\"http:\/\/atir.asso.nc\">Atir nc<\/a>, <a href=\"http:\/\/www.u2nc.nc\/\">U2NC<\/a>, <a href=\"https:\/\/resir.nc\/\">RESIR<\/a>)<\/p>\n\n\n\n<p><strong>Elaboration de menus en restauration collective<\/strong> <strong>et accompagnement di\u00e9t\u00e9tique en cuisine<\/strong>  (menus maison de retraite RESIDENCE BOULARI, menus FOYER PAUL REZNIK \u00e0 Nouville)<\/p>\n\n\n\n<p><strong>Elaboration de menus di\u00e9t\u00e9tiques pour&nbsp;des<\/strong> <strong>services de gamelles<\/strong> <a href=\"http:\/\/www.lanicoise.nc\/alexandra-souprayen-dieteticienne\/\">La ni\u00e7oise <\/a><\/p>\n\n\n\n<p><strong>Sensibilisation et formation<\/strong> \u00e0 l\u2019alimentation et \u00e0 la nutrition en collectivit\u00e9s, \u00e9tablissements de sant\u00e9 et en entreprise.<\/p>\n\n\n\n<figure class=\"wp-block-gallery has-nested-images columns-default is-cropped alignleft wp-block-gallery-1 is-layout-flex wp-block-gallery-is-layout-flex\"><\/figure>\n","protected":false},"excerpt":{"rendered":"<p>Consultations di\u00e9t\u00e9tiques \u00e0 domicile ou en cabinet ou \u00e0 distance sur RDV (Charl\u00e8ne GUIGNET via les plateformes https:\/\/www.alivio.fr\/ ou https:\/\/rendezvous.nc\/) Consultations di\u00e9t\u00e9tiques pour les sportifs Activit\u00e9 hospitali\u00e8re Clinique KUINDO MAGNIN, soins de suite et r\u00e9\u00e9ducation, gastroplastie (chirurgie de l\u2019ob\u00e9sit\u00e9), canc\u00e9rologie &hellip; <a href=\"http:\/\/diet.nc\/?page_id=78\">Continuer la lecture <span class=\"meta-nav\">&rarr;<\/span><\/a><\/p>\n","protected":false},"author":3,"featured_media":0,"parent":30,"menu_order":1,"comment_status":"closed","ping_status":"closed","template":"onecolumn-page.php","meta":{"footnotes":""},"class_list":["post-78","page","type-page","status-publish","hentry"],"_links":{"self":[{"href":"http:\/\/diet.nc\/index.php?rest_route=\/wp\/v2\/pages\/78","targetHints":{"allow":["GET"]}}],"collection":[{"href":"http:\/\/diet.nc\/index.php?rest_route=\/wp\/v2\/pages"}],"about":[{"href":"http:\/\/diet.nc\/index.php?rest_route=\/wp\/v2\/types\/page"}],"author":[{"embeddable":true,"href":"http:\/\/diet.nc\/index.php?rest_route=\/wp\/v2\/users\/3"}],"replies":[{"embeddable":true,"href":"http:\/\/diet.nc\/index.php?rest_route=%2Fwp%2Fv2%2Fcomments&post=78"}],"version-history":[{"count":0,"href":"http:\/\/diet.nc\/index.php?rest_route=\/wp\/v2\/pages\/78\/revisions"}],"up":[{"embeddable":true,"href":"http:\/\/diet.nc\/index.php?rest_route=\/wp\/v2\/pages\/30"}],"wp:attachment":[{"href":"http:\/\/diet.nc\/index.php?rest_route=%2Fwp%2Fv2%2Fmedia&parent=78"}],"curies":[{"name":"wp","href":"https:\/\/api.w.org\/{rel}","templated":true}]}}