{"id":86,"date":"2019-10-17T06:25:27","date_gmt":"2019-10-17T04:25:27","guid":{"rendered":"http:\/\/diet.nc\/?page_id=86"},"modified":"2023-08-30T06:27:34","modified_gmt":"2023-08-30T04:27:34","slug":"atelier-dietetique","status":"publish","type":"page","link":"http:\/\/diet.nc\/?page_id=86","title":{"rendered":"Les ateliers di\u00e9t\u00e9tiques"},"content":{"rendered":"\n<p><strong>ATELIER CUISINE DIETETIQUE <\/strong> <\/p>\n\n\n\n<p>R\u00e9alisation de menus di\u00e9t\u00e9tiques, faciles, rapides et \u00e9quilibr\u00e9s OU th\u00e9rapeutique sans sel et adapt\u00e9s aux personnes diab\u00e9tiques et\/ou en surpoids (avec la participation de patients dialys\u00e9s)<\/p>\n\n\n\n<div class=\"wp-block-group\"><div class=\"wp-block-group__inner-container is-layout-flow wp-block-group-is-layout-flow\">\n<figure class=\"wp-block-gallery aligncenter has-nested-images columns-default is-cropped wp-block-gallery-1 is-layout-flex wp-block-gallery-is-layout-flex\">\n<figure class=\"wp-block-image size-full\"><img loading=\"lazy\" decoding=\"async\" width=\"940\" height=\"788\" data-id=\"568\" src=\"http:\/\/diet.nc\/wp-content\/uploads\/2023\/08\/Copie-de-Ateliers-FB-1.jpg\" alt=\"\" class=\"wp-image-568\" srcset=\"http:\/\/diet.nc\/wp-content\/uploads\/2023\/08\/Copie-de-Ateliers-FB-1.jpg 940w, http:\/\/diet.nc\/wp-content\/uploads\/2023\/08\/Copie-de-Ateliers-FB-1-300x251.jpg 300w, http:\/\/diet.nc\/wp-content\/uploads\/2023\/08\/Copie-de-Ateliers-FB-1-768x644.jpg 768w\" sizes=\"auto, (max-width: 940px) 100vw, 940px\" \/><\/figure>\n<\/figure>\n<\/div><\/div>\n\n\n\n<p><strong>ATELIER EQUILIBRE ALIMENTAIRE<\/strong> : <strong>pourquoi \/ comment mange-t-on?<\/strong><\/p>\n\n\n\n<p>Pyramide alimentaire adapt\u00e9e \u00e0 l&rsquo;insuffisance r\u00e9nale chronique (avec la participation de patients dialys\u00e9s)<\/p>\n\n\n\n<figure class=\"wp-block-image size-large is-resized\"><img loading=\"lazy\" decoding=\"async\" src=\"http:\/\/diet.nc\/wp-content\/uploads\/2020\/02\/IMG_3153-768x1024.jpeg\" alt=\"\" class=\"wp-image-458\" style=\"width:327px;height:436px\" width=\"327\" height=\"436\" srcset=\"http:\/\/diet.nc\/wp-content\/uploads\/2020\/02\/IMG_3153-768x1024.jpeg 768w, http:\/\/diet.nc\/wp-content\/uploads\/2020\/02\/IMG_3153-225x300.jpeg 225w, http:\/\/diet.nc\/wp-content\/uploads\/2020\/02\/IMG_3153-1152x1536.jpeg 1152w, http:\/\/diet.nc\/wp-content\/uploads\/2020\/02\/IMG_3153-1536x2048.jpeg 1536w, http:\/\/diet.nc\/wp-content\/uploads\/2020\/02\/IMG_3153-scaled.jpeg 1920w\" sizes=\"auto, (max-width: 327px) 100vw, 327px\" \/><\/figure>\n\n\n\n<p><strong>ALIMENTATION PLEINE CONSCIENCE<\/strong> (en collaboration avec une psychologue)<\/p>\n\n\n\n<p><strong>ATELIERS DIETETIQUES EN ENTREPRISE<\/strong><\/p>\n\n\n\n<p>Comment faire une gamelle \u00e9quilibr\u00e9e?<\/p>\n\n\n\n<p>Comment d\u00e9crypter les \u00e9tiquettes nutritionnelles<\/p>\n\n\n\n<p>Jeu bingo nutrition \u00ab\u00a0\u00e9quilibre alimentaire\u00a0\u00bb pour les grands et les petits <\/p>\n\n\n\n<p>Alimentation et grossesse <\/p>\n\n\n\n<p>Alimentation du sportif<\/p>\n\n\n\n<p><strong>Contactez nous par t\u00e9l\u00e9phone<\/strong> <\/p>\n\n\n\n<figure class=\"wp-block-gallery has-nested-images columns-default is-cropped alignleft wp-block-gallery-2 is-layout-flex wp-block-gallery-is-layout-flex\"><\/figure>\n\n\n\n<p><\/p>\n","protected":false},"excerpt":{"rendered":"<p>ATELIER CUISINE DIETETIQUE R\u00e9alisation de menus di\u00e9t\u00e9tiques, faciles, rapides et \u00e9quilibr\u00e9s OU th\u00e9rapeutique sans sel et adapt\u00e9s aux personnes diab\u00e9tiques et\/ou en surpoids (avec la participation de patients dialys\u00e9s) ATELIER EQUILIBRE ALIMENTAIRE : pourquoi \/ comment mange-t-on? Pyramide alimentaire adapt\u00e9e &hellip; <a href=\"http:\/\/diet.nc\/?page_id=86\">Continuer la lecture <span class=\"meta-nav\">&rarr;<\/span><\/a><\/p>\n","protected":false},"author":3,"featured_media":0,"parent":30,"menu_order":3,"comment_status":"closed","ping_status":"closed","template":"onecolumn-page.php","meta":{"footnotes":""},"class_list":["post-86","page","type-page","status-publish","hentry"],"_links":{"self":[{"href":"http:\/\/diet.nc\/index.php?rest_route=\/wp\/v2\/pages\/86","targetHints":{"allow":["GET"]}}],"collection":[{"href":"http:\/\/diet.nc\/index.php?rest_route=\/wp\/v2\/pages"}],"about":[{"href":"http:\/\/diet.nc\/index.php?rest_route=\/wp\/v2\/types\/page"}],"author":[{"embeddable":true,"href":"http:\/\/diet.nc\/index.php?rest_route=\/wp\/v2\/users\/3"}],"replies":[{"embeddable":true,"href":"http:\/\/diet.nc\/index.php?rest_route=%2Fwp%2Fv2%2Fcomments&post=86"}],"version-history":[{"count":0,"href":"http:\/\/diet.nc\/index.php?rest_route=\/wp\/v2\/pages\/86\/revisions"}],"up":[{"embeddable":true,"href":"http:\/\/diet.nc\/index.php?rest_route=\/wp\/v2\/pages\/30"}],"wp:attachment":[{"href":"http:\/\/diet.nc\/index.php?rest_route=%2Fwp%2Fv2%2Fmedia&parent=86"}],"curies":[{"name":"wp","href":"https:\/\/api.w.org\/{rel}","templated":true}]}}