{"id":90,"date":"2019-10-17T06:35:51","date_gmt":"2019-10-17T04:35:51","guid":{"rendered":"http:\/\/diet.nc\/?page_id=90"},"modified":"2023-06-15T01:18:57","modified_gmt":"2023-06-14T23:18:57","slug":"remboursement","status":"publish","type":"page","link":"http:\/\/diet.nc\/?page_id=90","title":{"rendered":"REMBOURSEMENTS"},"content":{"rendered":"\n<p><strong>CONSULTATIONS DIETETIQUES<\/strong><\/p>\n\n\n\n<p><strong><a href=\"https:\/\/www.mdf.nc\">La Mutuelle des Fonctionnaires<\/a><\/strong> (si IMC&gt;26 -&gt; un forfait max de 31.000 CFP\/an) <\/p>\n\n\n\n<p><strong><a href=\"https:\/\/www.mpl.nc\">La Mutuelle des Patent\u00e9s Lib\u00e9raux<\/a><\/strong> (si IMC&gt;25 -&gt; 8 consultations rembours\u00e9es \/an) <\/p>\n\n\n\n<p><strong><a href=\"https:\/\/groupama-gan.nc\">Groupama GAN<\/a> Bien \u00eatre &amp; Confort +<\/strong> (3 consultations \u00e0 3500 CFP\/an) <\/p>\n\n\n\n<p><strong><a href=\"https:\/\/www.groupe-uneo.fr\">UNEO<\/a><\/strong> (renseignez vous selon votre contrat)<\/p>\n\n\n\n<p><strong><a href=\"https:\/\/www.ligue-cancer.net\/\">LIGUE CONTRE LE CANCER<\/a><\/strong> (sous r\u00e9serve d&rsquo;adh\u00e9rer \u00e0 la ligue moyennant une cotisation annuelle de 2.000 CFP)<\/p>\n","protected":false},"excerpt":{"rendered":"<p>CONSULTATIONS DIETETIQUES La Mutuelle des Fonctionnaires (si IMC&gt;26 -&gt; un forfait max de 31.000 CFP\/an) La Mutuelle des Patent\u00e9s Lib\u00e9raux (si IMC&gt;25 -&gt; 8 consultations rembours\u00e9es \/an) Groupama GAN Bien \u00eatre &amp; Confort + (3 consultations \u00e0 3500 CFP\/an) UNEO &hellip; <a href=\"http:\/\/diet.nc\/?page_id=90\">Continuer la lecture <span class=\"meta-nav\">&rarr;<\/span><\/a><\/p>\n","protected":false},"author":3,"featured_media":0,"parent":0,"menu_order":8,"comment_status":"closed","ping_status":"closed","template":"onecolumn-page.php","meta":{"footnotes":""},"class_list":["post-90","page","type-page","status-publish","hentry"],"_links":{"self":[{"href":"http:\/\/diet.nc\/index.php?rest_route=\/wp\/v2\/pages\/90","targetHints":{"allow":["GET"]}}],"collection":[{"href":"http:\/\/diet.nc\/index.php?rest_route=\/wp\/v2\/pages"}],"about":[{"href":"http:\/\/diet.nc\/index.php?rest_route=\/wp\/v2\/types\/page"}],"author":[{"embeddable":true,"href":"http:\/\/diet.nc\/index.php?rest_route=\/wp\/v2\/users\/3"}],"replies":[{"embeddable":true,"href":"http:\/\/diet.nc\/index.php?rest_route=%2Fwp%2Fv2%2Fcomments&post=90"}],"version-history":[{"count":0,"href":"http:\/\/diet.nc\/index.php?rest_route=\/wp\/v2\/pages\/90\/revisions"}],"wp:attachment":[{"href":"http:\/\/diet.nc\/index.php?rest_route=%2Fwp%2Fv2%2Fmedia&parent=90"}],"curies":[{"name":"wp","href":"https:\/\/api.w.org\/{rel}","templated":true}]}}